{"id":130,"date":"2019-07-31T10:33:06","date_gmt":"2019-07-31T12:33:06","guid":{"rendered":"http:\/\/www4.ict.ufvjm.edu.br\/?page_id=130"},"modified":"2021-06-07T16:11:12","modified_gmt":"2021-06-07T18:11:12","slug":"acesso-a-informacao","status":"publish","type":"page","link":"https:\/\/epeq.ict.ufvjm.edu.br\/?page_id=130","title":{"rendered":"Eventos"},"content":{"rendered":"\n<p class=\"has-text-align-left has-medium-font-size\"><strong>Acesso aos eventos promovidos pela EPEQ<\/strong>:<\/p>\n\n\n\n<p><\/p>\n\n\n\n<div class=\"overflow-wrapper\">\n\n<div id=\"feature_card-1\" class=\"col-sm-12 col-md-6 col-lg-3 mb-4 widget_feature_card\">\n  <div class=\"text-center card-1\">\n    <div class=\"align\">\n      <a href=\"https:\/\/www.instagram.com\/p\/Bhwko_IgCBd\/?utm_source=ig_web_copy_link\" style=\"text-decoration: none;\">\n        <figure><img width=\"400px\" src=\"\/\/epeq.ict.ufvjm.edu.br\/wp-content\/uploads\/2020\/08\/InkedInkedEvento-de-lan\u00e7amento-epeq_LI11112.jpg\"><\/figure>\n        <h3 class=\"card-title\">Evento de Lan\u00e7amento EPEQ<\/h3>\n        \n      <\/a>\n    <\/div>\n  <\/div>\n<\/div>\n\n<div id=\"feature_card-2\" class=\"col-sm-12 col-md-6 col-lg-3 mb-4 widget_feature_card\">\n  <div class=\"text-center card-1\">\n    <div class=\"align\">\n      <a href=\"https:\/\/www.instagram.com\/p\/Bp5L--yAJ0s\/?utm_source=ig_web_copy_link\" style=\"text-decoration: none;\">\n        <figure><img width=\"400px\" src=\"\/\/epeq.ict.ufvjm.edu.br\/wp-content\/uploads\/2020\/08\/Dia-do-Engenheiro-Qu\u00edmico-2018.png\"><\/figure>\n        <h3 class=\"card-title\">Dia do Engenheiro Qu\u00edmico &#8211; 2018<\/h3>\n        \n      <\/a>\n    <\/div>\n  <\/div>\n<\/div>\n\n<div id=\"feature_card-3\" class=\"col-sm-12 col-md-6 col-lg-3 mb-4 widget_feature_card\">\n  <div class=\"text-center card-1\">\n    <div class=\"align\">\n      <a href=\"https:\/\/www.instagram.com\/p\/BzdlfA4gukj\/?utm_source=ig_web_copy_link\" style=\"text-decoration: none;\">\n        <figure><img width=\"200px\" src=\"\/\/epeq.ict.ufvjm.edu.br\/wp-content\/uploads\/2020\/08\/Palestra.png\"><\/figure>\n        <h3 class=\"card-title\">Palestra:<\/h3>\n        <p>&#8220;Introdu\u00e7\u00e3o ao Lean Manufacturing&#8221; e &#8220;Empreendedorismo na Engenharia: um projeto que voc\u00ea pode iniciar agora&#8221;<\/p>\n      <\/a>\n    <\/div>\n  <\/div>\n<\/div>\n\n<div id=\"feature_card-4\" class=\"col-sm-12 col-md-6 col-lg-3 mb-4 widget_feature_card\">\n  <div class=\"text-center card-1\">\n    <div class=\"align\">\n      <a href=\"https:\/\/www.instagram.com\/p\/B2RxCZjgvTs\/?utm_source=ig_web_copy_link\" target=\"_blank\" style=\"text-decoration: none;\" rel=\"noopener noreferrer\">\n        <figure><img width=\"200px\" src=\"\/\/epeq.ict.ufvjm.edu.br\/wp-content\/uploads\/2020\/08\/Dia-do-Engenheiro-Qu\u00edmico.png\"><\/figure>\n        <h3 class=\"card-title\">Dia do Engenheiro Qu\u00edmico &#8211; 2019<\/h3>\n       \n      <\/a>\n    <\/div>\n  <\/div>\n<\/div>\n\n<\/div>\n\n\n\n<p><\/p>\n","protected":false},"excerpt":{"rendered":"<p>Acesso aos eventos promovidos pela EPEQ: Evento de Lan\u00e7amento EPEQ Dia do Engenheiro Qu\u00edmico &#8211; 2018 Palestra: &#8220;Introdu\u00e7\u00e3o ao Lean Manufacturing&#8221; e &#8220;Empreendedorismo na Engenharia: um projeto que voc\u00ea pode iniciar agora&#8221; Dia do Engenheiro Qu\u00edmico &#8211; 2019<\/p>\n","protected":false},"author":1,"featured_media":0,"parent":0,"menu_order":0,"comment_status":"closed","ping_status":"closed","template":"","meta":[],"_links":{"self":[{"href":"https:\/\/epeq.ict.ufvjm.edu.br\/index.php?rest_route=\/wp\/v2\/pages\/130"}],"collection":[{"href":"https:\/\/epeq.ict.ufvjm.edu.br\/index.php?rest_route=\/wp\/v2\/pages"}],"about":[{"href":"https:\/\/epeq.ict.ufvjm.edu.br\/index.php?rest_route=\/wp\/v2\/types\/page"}],"author":[{"embeddable":true,"href":"https:\/\/epeq.ict.ufvjm.edu.br\/index.php?rest_route=\/wp\/v2\/users\/1"}],"replies":[{"embeddable":true,"href":"https:\/\/epeq.ict.ufvjm.edu.br\/index.php?rest_route=%2Fwp%2Fv2%2Fcomments&post=130"}],"version-history":[{"count":157,"href":"https:\/\/epeq.ict.ufvjm.edu.br\/index.php?rest_route=\/wp\/v2\/pages\/130\/revisions"}],"predecessor-version":[{"id":3184,"href":"https:\/\/epeq.ict.ufvjm.edu.br\/index.php?rest_route=\/wp\/v2\/pages\/130\/revisions\/3184"}],"wp:attachment":[{"href":"https:\/\/epeq.ict.ufvjm.edu.br\/index.php?rest_route=%2Fwp%2Fv2%2Fmedia&parent=130"}],"curies":[{"name":"wp","href":"https:\/\/api.w.org\/{rel}","templated":true}]}}