{"id":1462,"date":"2019-09-29T11:52:50","date_gmt":"2019-09-29T13:52:50","guid":{"rendered":"https:\/\/www4.ict.ufvjm.edu.br\/?page_id=1462"},"modified":"2020-07-01T21:57:27","modified_gmt":"2020-07-01T23:57:27","slug":"escola-piloto-de-engenharia-quimica-epeq","status":"publish","type":"page","link":"https:\/\/epeq.ict.ufvjm.edu.br\/?page_id=1462","title":{"rendered":"Escola Piloto de Engenharia Qu\u00edmica &#8211; EPEQ"},"content":{"rendered":"\n<div class=\"wp-block-image\"><figure class=\"alignright is-resized\"><img loading=\"lazy\" src=\"https:\/\/www4.ict.ufvjm.edu.br\/wp-content\/uploads\/2019\/09\/logo-epeq-1.png\" alt=\"\" class=\"wp-image-1488\" width=\"230\" height=\"269\" srcset=\"https:\/\/epeq.ict.ufvjm.edu.br\/wp-content\/uploads\/2019\/09\/logo-epeq-1.png 424w, https:\/\/epeq.ict.ufvjm.edu.br\/wp-content\/uploads\/2019\/09\/logo-epeq-1-257x300.png 257w\" sizes=\"(max-width: 230px) 100vw, 230px\" \/><\/figure><\/div>\n\n\n\n<p class=\"justify\">A Escola Piloto de Engenharia Qu\u00edmica da Universidade Federal dos Vales do Jequitinhonha e Mucuri (EPEQ\/UFVJM) \u00e9 caracterizada como um Projeto de Extens\u00e3o direcionado a ministrar cursos e organizar atividades que complementam a forma\u00e7\u00e3o dos estudantes de Engenharia Qu\u00edmica. A mesma foi idealizada em outubro de 2017, por iniciativa de alguns docentes e discentes do curso de gradua\u00e7\u00e3o em Engenharia Qu\u00edmica da Universidade Federal dos Vales do Jequitinhonha e Mucuri (UFVJM). A equipe esteve em contato com outras Escolas Piloto do pa\u00eds, iniciando uma parceria com o Conselho Nacional das Escolas Piloto (CONEP), entidade extremamente importante na elabora\u00e7\u00e3o deste projeto, contribuindo imensamente na troca de informa\u00e7\u00f5es e orienta\u00e7\u00e3o da equipe fundadora. O modelo da EPEQ\/UFVJM foi inspirado na estrutura da EPEQ UFC e da EPEQ UFPR, adaptando o formato do projeto \u00e0s necessidades do discente da UFVJM e da realidade da nossa universidade.<br><br>A EPEQ\/UFVJM tem por miss\u00e3o desenvolver e ministrar, com qualidade, atividades e conte\u00fados complementares a grade curricular da Engenharia Qu\u00edmica, de forma a aperfei\u00e7oar a forma\u00e7\u00e3o dos estudantes do curso, dando-lhes suporte para se tornarem egressos capazes de atender as necessidades do mercado. Apesar de ser identificado como um projeto de extens\u00e3o a Escola Piloto de Engenharia Qu\u00edmica, como destaca o Conselho Nacional das Escolas Piloto-CONEP (2017), prop\u00f5e a indissociabilidade entre os tr\u00eas pilares da educa\u00e7\u00e3o, ensino-pesquisa-extens\u00e3o, uma vez que, os membros da EPEQ est\u00e3o intensamente envolvidos na pesquisa dos temas de estudo, difundindo-os tanto para os graduandos em Engenharia Qu\u00edmica quanto \u00e0 comunidade externa.<br><br>Assim, a EPEQ\/UFVJM tem por vis\u00e3o tornar-se um programa capacitado a oferecer, com extrema excel\u00eancia, conte\u00fados correlatos a Engenharia Qu\u00edmica, de tal modo, a contribuir para a forma\u00e7\u00e3o de Engenheiros Qu\u00edmicos de excel\u00eancia e ser reconhecido pelo not\u00e1vel desempenho e cont\u00ednuo aperfei\u00e7oamento.<br><br>As a\u00e7\u00f5es realizadas pela EPEQ e informa\u00e7\u00f5es sobre o processo seletivo de novos membros podem ser encontradas na p\u00e1gina do <a rel=\"noreferrer noopener\" aria-label=\" (abre numa nova aba)\" href=\"https:\/\/instagram.com\/epeq.ufvjm?igshid=w2lftn7x4g05\" target=\"_blank\">[icon name=&#8221;instagram&#8221; prefix=&#8221;fab fa-2x&#8221;]<\/a> ou <a rel=\"noreferrer noopener\" aria-label=\" (abre numa nova aba)\" href=\"https:\/\/m.facebook.com\/epeq.ufvjm\" target=\"_blank\">[icon name=&#8221;facebook &#8221; prefix=&#8221;fab fa-2x&#8221;]<\/a> da Escola Piloto.<br><br>[icon name=&#8221;envelope&#8221; prefix=&#8221;far fa-2x&#8221;]<a href=\"mailto:epeq@ict.ufvjm.edu.br\"><strong>epeq@ict.ufvjm.edu.br<\/strong><\/a>  <a rel=\"noreferrer noopener\" href=\"http:\/\/facebook.com\/epeq.ufvjm\" target=\"_blank\"><br><br><\/a>[icon name=&#8221;map-marker-alt &#8221; prefix=&#8221;fas fa-2x&#8221;] Sala 03 do Pr\u00e9dio Administrativo 2 (em frente ao pr\u00e9dio do ICT).  Campus JK &#8211;  Rodovia MGT 367 &#8211; Km 583, n\u00ba 5.000. Alto da Jacuba. Diamantina-MG. CEP: 39100-000.<\/p>\n\n\n\n<figure class=\"wp-block-image\"><img loading=\"lazy\" width=\"1024\" height=\"683\" src=\"https:\/\/www4.ict.ufvjm.edu.br\/wp-content\/uploads\/2019\/09\/IMG_3941-1024x683.jpg\" alt=\"\" class=\"wp-image-1463\" srcset=\"https:\/\/epeq.ict.ufvjm.edu.br\/wp-content\/uploads\/2019\/09\/IMG_3941-1024x683.jpg 1024w, https:\/\/epeq.ict.ufvjm.edu.br\/wp-content\/uploads\/2019\/09\/IMG_3941-300x200.jpg 300w, https:\/\/epeq.ict.ufvjm.edu.br\/wp-content\/uploads\/2019\/09\/IMG_3941-768x512.jpg 768w\" sizes=\"(max-width: 1024px) 100vw, 1024px\" \/><figcaption>ICT\/UFVJM &#8211; Diamantina-MG &#8211; Time EPEQ &#8211; 2019<\/figcaption><\/figure>\n","protected":false},"excerpt":{"rendered":"<p>A Escola Piloto de Engenharia Qu\u00edmica da Universidade Federal dos Vales do Jequitinhonha e Mucuri (EPEQ\/UFVJM) \u00e9 caracterizada como um Projeto de Extens\u00e3o direcionado a ministrar cursos e organizar atividades que complementam a forma\u00e7\u00e3o dos estudantes de Engenharia Qu\u00edmica. A mesma foi idealizada em outubro de 2017, por iniciativa de alguns docentes e discentes do [&hellip;]<\/p>\n","protected":false},"author":2,"featured_media":0,"parent":332,"menu_order":120,"comment_status":"closed","ping_status":"closed","template":"","meta":[],"_links":{"self":[{"href":"https:\/\/epeq.ict.ufvjm.edu.br\/index.php?rest_route=\/wp\/v2\/pages\/1462"}],"collection":[{"href":"https:\/\/epeq.ict.ufvjm.edu.br\/index.php?rest_route=\/wp\/v2\/pages"}],"about":[{"href":"https:\/\/epeq.ict.ufvjm.edu.br\/index.php?rest_route=\/wp\/v2\/types\/page"}],"author":[{"embeddable":true,"href":"https:\/\/epeq.ict.ufvjm.edu.br\/index.php?rest_route=\/wp\/v2\/users\/2"}],"replies":[{"embeddable":true,"href":"https:\/\/epeq.ict.ufvjm.edu.br\/index.php?rest_route=%2Fwp%2Fv2%2Fcomments&post=1462"}],"version-history":[{"count":70,"href":"https:\/\/epeq.ict.ufvjm.edu.br\/index.php?rest_route=\/wp\/v2\/pages\/1462\/revisions"}],"predecessor-version":[{"id":2730,"href":"https:\/\/epeq.ict.ufvjm.edu.br\/index.php?rest_route=\/wp\/v2\/pages\/1462\/revisions\/2730"}],"up":[{"embeddable":true,"href":"https:\/\/epeq.ict.ufvjm.edu.br\/index.php?rest_route=\/wp\/v2\/pages\/332"}],"wp:attachment":[{"href":"https:\/\/epeq.ict.ufvjm.edu.br\/index.php?rest_route=%2Fwp%2Fv2%2Fmedia&parent=1462"}],"curies":[{"name":"wp","href":"https:\/\/api.w.org\/{rel}","templated":true}]}}