{"id":172,"date":"2019-07-31T11:41:02","date_gmt":"2019-07-31T13:41:02","guid":{"rendered":"http:\/\/www4.ict.ufvjm.edu.br\/?page_id=172"},"modified":"2021-04-05T12:50:53","modified_gmt":"2021-04-05T14:50:53","slug":"cursos","status":"publish","type":"page","link":"https:\/\/epeq.ict.ufvjm.edu.br\/?page_id=172","title":{"rendered":"Nossos cursos"},"content":{"rendered":"\n<div class=\"wp-block-columns\">\n<div class=\"wp-block-column\" style=\"flex-basis:100%\"><\/div>\n<\/div>\n\n\n\n<figure class=\"wp-block-table is-style-regular\"><table><tbody><tr><td class=\"has-text-align-center\" data-align=\"center\"><img src=\"https:\/\/epeq.ict.ufvjm.edu.br\/wp-content\/uploads\/2021\/04\/Imagem1-1024x683.jpg\" style=\"width: 250px;\"><strong><a href=\"https:\/\/epeq.ict.ufvjm.edu.br\/?page_id=2966\">\u200b<\/a><\/strong><\/td><td class=\"has-text-align-center\" data-align=\"center\"><img src=\"https:\/\/epeq.ict.ufvjm.edu.br\/wp-content\/uploads\/2020\/09\/excel-site.png\" alt=\"O atributo alt desta imagem est\u00e1 vazio. O nome do arquivo \u00e9 excel-site.png\" style=\"width: 180px;\"><\/td><td class=\"has-text-align-center\" data-align=\"center\"><img src=\"https:\/\/epeq.ict.ufvjm.edu.br\/wp-content\/uploads\/2020\/09\/ansyssite.jpg\" alt=\"O atributo alt desta imagem est\u00e1 vazio. O nome do arquivo \u00e9 ansyssite.jpg\" style=\"width: 180px;\"><\/td><\/tr><tr><td class=\"has-text-align-center\" data-align=\"center\">                                                                         <br><a href=\"https:\/\/epeq.ict.ufvjm.edu.br\/?page_id=2968\">\u200bConstru\u00e7\u00e3o de Textos Acad\u00eamicos e Oralidades<\/a><\/td><td class=\"has-text-align-center\" data-align=\"center\">                                                 <br><a href=\"https:\/\/epeq.ict.ufvjm.edu.br\/?page_id=2960\">Excel para Engenharia Qu\u00edmica<\/a><\/td><td class=\"has-text-align-center\" data-align=\"center\">                                                   <br><a href=\"https:\/\/epeq.ict.ufvjm.edu.br\/?page_id=2966\">\u200b<\/a><a href=\"https:\/\/epeq.ict.ufvjm.edu.br\/?page_id=2962\">Introdu\u00e7\u00e3o a Simula\u00e7\u00e3o Computacional com o <em>Ansys Fluent<\/em><\/a><\/td><\/tr><\/tbody><\/table><\/figure>\n\n\n\n<p><\/p>\n\n\n\n<figure class=\"wp-block-table is-style-regular\"><table><tbody><tr><td class=\"has-text-align-center\" data-align=\"center\"><img src=\"https:\/\/epeq.ict.ufvjm.edu.br\/wp-content\/uploads\/2020\/09\/cursoR.jpg\" alt=\"O atributo alt desta imagem est\u00e1 vazio. O nome do arquivo \u00e9 cursoR.jpg\" style=\"width: 200px;\"><\/td><td class=\"has-text-align-center\" data-align=\"center\"><img src=\"https:\/\/epeq.ict.ufvjm.edu.br\/wp-content\/uploads\/2020\/09\/a28ded83-1824-4477-88f5-8d57a754694d.jpg\" alt=\"O atributo alt desta imagem est\u00e1 vazio. O nome do arquivo \u00e9 a28ded83-1824-4477-88f5-8d57a754694d.jpg\" style=\"width: 200px;\"><\/td><td class=\"has-text-align-center\" data-align=\"center\"><\/td><\/tr><tr><td class=\"has-text-align-center\" data-align=\"center\">                                                                         <br><a href=\"https:\/\/epeq.ict.ufvjm.edu.br\/?page_id=2966\">Software R para Engenharia Qu\u00edmica<\/a><\/td><td class=\"has-text-align-center\" data-align=\"center\">              <br><a href=\"https:\/\/epeq.ict.ufvjm.edu.br\/?page_id=2964\">Introdu\u00e7\u00e3o ao Gerenciamento de Projetos Utilizando o MS Project<\/a><\/td><td class=\"has-text-align-center\" data-align=\"center\">                                              <\/td><\/tr><\/tbody><\/table><\/figure>\n\n\n\n<div class=\"wp-block-columns\">\n<div class=\"wp-block-column\"><\/div>\n<\/div>\n","protected":false},"excerpt":{"rendered":"<p>\u200b \u200bConstru\u00e7\u00e3o de Textos Acad\u00eamicos e Oralidades Excel para Engenharia Qu\u00edmica \u200bIntrodu\u00e7\u00e3o a Simula\u00e7\u00e3o Computacional com o Ansys Fluent Software R para Engenharia Qu\u00edmica Introdu\u00e7\u00e3o ao Gerenciamento de Projetos Utilizando o MS Project<\/p>\n","protected":false},"author":1,"featured_media":0,"parent":0,"menu_order":0,"comment_status":"closed","ping_status":"closed","template":"","meta":[],"_links":{"self":[{"href":"https:\/\/epeq.ict.ufvjm.edu.br\/index.php?rest_route=\/wp\/v2\/pages\/172"}],"collection":[{"href":"https:\/\/epeq.ict.ufvjm.edu.br\/index.php?rest_route=\/wp\/v2\/pages"}],"about":[{"href":"https:\/\/epeq.ict.ufvjm.edu.br\/index.php?rest_route=\/wp\/v2\/types\/page"}],"author":[{"embeddable":true,"href":"https:\/\/epeq.ict.ufvjm.edu.br\/index.php?rest_route=\/wp\/v2\/users\/1"}],"replies":[{"embeddable":true,"href":"https:\/\/epeq.ict.ufvjm.edu.br\/index.php?rest_route=%2Fwp%2Fv2%2Fcomments&post=172"}],"version-history":[{"count":165,"href":"https:\/\/epeq.ict.ufvjm.edu.br\/index.php?rest_route=\/wp\/v2\/pages\/172\/revisions"}],"predecessor-version":[{"id":3366,"href":"https:\/\/epeq.ict.ufvjm.edu.br\/index.php?rest_route=\/wp\/v2\/pages\/172\/revisions\/3366"}],"wp:attachment":[{"href":"https:\/\/epeq.ict.ufvjm.edu.br\/index.php?rest_route=%2Fwp%2Fv2%2Fmedia&parent=172"}],"curies":[{"name":"wp","href":"https:\/\/api.w.org\/{rel}","templated":true}]}}