{"id":2922,"date":"2020-08-07T15:59:57","date_gmt":"2020-08-07T17:59:57","guid":{"rendered":"https:\/\/epeq.ict.ufvjm.edu.br\/?page_id=2922"},"modified":"2021-06-07T17:27:52","modified_gmt":"2021-06-07T19:27:52","slug":"ex-membros","status":"publish","type":"page","link":"https:\/\/epeq.ict.ufvjm.edu.br\/?page_id=2922","title":{"rendered":"Membros e Colaboradores"},"content":{"rendered":"\n<h3 class=\"has-text-color\" style=\"color:#a1d768\">Equipe 2019<\/h3>\n\n\n\n<h4>Membros<\/h4>\n\n\n\n<ul><li>Amanda Souza F\u00e9lix<\/li><li>Ana Karolina Silva Xavier<\/li><li>Ana Luiza de Almeida e Sousa<\/li><li>Ana Paula Costa Rodrigues<\/li><li>Andressa de Oliveira Almeida<\/li><li>Andressa Rafaela Alves Pinto<\/li><li>Antero Ricardo Santos Neto<\/li><li>B\u00e1rbara Barbosa Brombini<\/li><li>Beatriz Fernandes Ara\u00fajo<\/li><li>Bruno Klier Silva<\/li><li>Clediane Marciana da Silva<\/li><li>\u00c9rick Henrique Porto de Aquino<\/li><li>Fabiana Costa Santos<\/li><li>Fernanda Almeida da Silva<\/li><li>Gabriela Cirilo Machado<\/li><li>Giovana Costa Falci<\/li><li>Helen Cristiny Dias<\/li><li>Isabela Ferreira Nunes<\/li><li>\u00cdtalo Paoli de Souza<\/li><li>Izabella Viana Vieira<\/li><li>Jamile Crisley Barbosa Vieira<\/li><li>Jhonnes Cleiton de Carvalho<\/li><li>Jo\u00e3o Vitor Mendes Cordeiro Dias<\/li><li>Jullia Koury Abreu<\/li><li>Karen Paola Fr\u00f3es Dias<\/li><li>La\u00eds Medeiros Andrade<\/li><li>Leonardo Lopes Petrone<\/li><li>Loraynne Coelho Pereira<\/li><li>Lu\u00edsa Mapeli Ver\u00edssimo<\/li><li>Maria St\u00e9fany Lima<\/li><li>Mariana Marques da Silva<\/li><li>Mariana Pinto Amancio dos Santos<\/li><li>Pabblo Stefano Santana Santos<\/li><li>Priscila dos Santos Pereira<\/li><li>Raquel Santos Nunes Ferreira<\/li><li>Rebecca Jasmim Pereira<\/li><li>Sandy Guedes Campos<\/li><li>Tarc\u00edsio Santos Martins<\/li><li>Tha\u00eds Machado Lima<\/li><li>Victor Dias Veloso<\/li><\/ul>\n\n\n\n<h4>Tutores<\/h4>\n\n\n\n<ul><li>Prof\u00aa. Dra. Anamaria de Oliveira Cardoso<\/li><li>Prof. Dr. Jo\u00e3o Vin\u00edcios Wirbitzki da Silveira<\/li><\/ul>\n\n\n\n<h4>Colaboradores<\/h4>\n\n\n\n<ul><li>Everton Carvalho<\/li><li>Laisse Ribeiro<\/li><li>Prof. Dr. Lucas Franco Ferreira<\/li><li>Prof.Ms. Sandra Matias Damasceno<\/li><\/ul>\n\n\n\n<h3 class=\"has-text-color\" style=\"color:#a1d768\">Equipe 2018<\/h3>\n\n\n\n<h4>Membros<\/h4>\n\n\n\n<ul><li>Alice Santos Caldeira<\/li><li>Ana Luiza de Almeida e Sousa<\/li><li>Ana Paula Costa Rodrigues<\/li><li>Angeliane Deane Reis<\/li><li>Antero Ricardo Santos Neto<\/li><li>B\u00e1rbara Barbosa Brombini<\/li><li>Bruno Klier Silva<\/li><li>\u00c9rick Henrique Porto de Aquino<\/li><li>Fabiana Costa Santos<\/li><li>Fernanda Almeida da Silva<\/li><li>Giovana Costa Falci<\/li><li>Helen Cristiny Dias<\/li><li>Isabela Ferreira Nunes<\/li><li>\u00cdtalo Paoli de Souza<\/li><li>Jamile Crisley Barbosa Vieira<\/li><li>J\u00e9ssyka Jennifer Miranda Corr\u00eaa<\/li><li>Jo\u00e3o Vitor Mendes Cordeiro Dias<\/li><li>Lucas Dias Silva<\/li><li>Mariana Pinto Amancio dos Santos<\/li><li>Nath\u00e1lia Dias Silva<\/li><li>Pabblo Stefano Santana Santos<\/li><li>Priscila dos Santos Pereira<\/li><li>Raquel Santos Nunes Ferreira<\/li><li>Sandy Guedes Campos<\/li><li>Sandy Neves Rocha<\/li><li>Tha\u00eds Machado Lima<\/li><\/ul>\n\n\n\n<h4>Tutores<\/h4>\n\n\n\n<ul><li>Prof\u00aa. Dra. Anamaria de Oliveira Cardoso<\/li><li>Prof. Dr. Jo\u00e3o Vin\u00edcios Wirbitzki da Silveira<\/li><\/ul>\n\n\n\n<h4>Colaboradores<\/h4>\n\n\n\n<ul><li>Prof\u00aa. Dra. D\u00e9bora Vilela Franco<\/li><li>Prof. Dr. Lucas Franco Ferreira<\/li><li>Prof.Ms. Sandra Matias Damasceno<\/li><\/ul>\n\n\n\n<h3 class=\"has-text-align-left has-text-color\" style=\"color:#a1d768\">Equipe 2017<\/h3>\n\n\n\n<h4>Membros<\/h4>\n\n\n\n<ul><li>Alice Santos Caldeira<\/li><li>Ana Paula Costa Rodrigues<\/li><li>Angeliane Deane Reis<\/li><li>Bruno Oliveira Sena<\/li><li>Deyvison Carlos de Oliveira<\/li><li>J\u00e9ssyka Jennifer Miranda Corr\u00eaa<\/li><li>Karen Paola Fr\u00f3es Dias<\/li><li>Lucas Dias Silva<\/li><li>Marina Corr\u00eaa de Souza<\/li><li>Maynara Fa\u00fala Avelar<\/li><li>Nath\u00e1lia Dias Silva<\/li><li>Sandy Guedes Campos<\/li><li>Tha\u00eds Machado Lima<\/li><\/ul>\n\n\n\n<h4>Tutores<\/h4>\n\n\n\n<ul><li>Prof\u00aa. Dra. Anamaria de Oliveira Cardoso<\/li><li>Prof\u00aa. Dra. D\u00e9bora Vilela Franco<\/li><\/ul>\n\n\n\n<h4>Colaboradores<\/h4>\n\n\n\n<ul><li>Prof. Dr. Jo\u00e3o Vin\u00edcios Wirbitzki da Silveira<\/li><li>Prof. Dr. Lucas Franco Ferreira<\/li><li>Prof.Ms. Sandra Matias Damasceno<\/li><\/ul>\n\n\n\n<h2 class=\"has-text-align-center has-text-color\" style=\"color:#a1d768\">Depoimentos<\/h2>\n\n\n<a href=\"https:\/\/epeq.ict.ufvjm.edu.br\/wp-content\/uploads\/2020\/09\/Depoimentos.pdf\" class=\"pdfemb-viewer\" style=\"\" data-width=\"max\" data-height=\"max\"  data-toolbar=\"bottom\" data-toolbar-fixed=\"off\">Depoimentos<br\/><\/a>\n<p class=\"wp-block-pdfemb-pdf-embedder-viewer\"><\/p>\n\n\n\n<div class=\"wp-block-group\"><div class=\"wp-block-group__inner-container\"><\/div><\/div>\n\n\n\n<p><\/p>\n","protected":false},"excerpt":{"rendered":"<p>Equipe 2019 Membros Amanda Souza F\u00e9lix Ana Karolina Silva Xavier Ana Luiza de Almeida e Sousa Ana Paula Costa Rodrigues Andressa de Oliveira Almeida Andressa Rafaela Alves Pinto Antero Ricardo Santos Neto B\u00e1rbara Barbosa Brombini Beatriz Fernandes Ara\u00fajo Bruno Klier Silva Clediane Marciana da Silva \u00c9rick Henrique Porto de Aquino Fabiana Costa Santos Fernanda Almeida [&hellip;]<\/p>\n","protected":false},"author":8,"featured_media":0,"parent":0,"menu_order":0,"comment_status":"closed","ping_status":"closed","template":"","meta":[],"_links":{"self":[{"href":"https:\/\/epeq.ict.ufvjm.edu.br\/index.php?rest_route=\/wp\/v2\/pages\/2922"}],"collection":[{"href":"https:\/\/epeq.ict.ufvjm.edu.br\/index.php?rest_route=\/wp\/v2\/pages"}],"about":[{"href":"https:\/\/epeq.ict.ufvjm.edu.br\/index.php?rest_route=\/wp\/v2\/types\/page"}],"author":[{"embeddable":true,"href":"https:\/\/epeq.ict.ufvjm.edu.br\/index.php?rest_route=\/wp\/v2\/users\/8"}],"replies":[{"embeddable":true,"href":"https:\/\/epeq.ict.ufvjm.edu.br\/index.php?rest_route=%2Fwp%2Fv2%2Fcomments&post=2922"}],"version-history":[{"count":25,"href":"https:\/\/epeq.ict.ufvjm.edu.br\/index.php?rest_route=\/wp\/v2\/pages\/2922\/revisions"}],"predecessor-version":[{"id":3373,"href":"https:\/\/epeq.ict.ufvjm.edu.br\/index.php?rest_route=\/wp\/v2\/pages\/2922\/revisions\/3373"}],"wp:attachment":[{"href":"https:\/\/epeq.ict.ufvjm.edu.br\/index.php?rest_route=%2Fwp%2Fv2%2Fmedia&parent=2922"}],"curies":[{"name":"wp","href":"https:\/\/api.w.org\/{rel}","templated":true}]}}