{"id":2960,"date":"2020-08-11T17:03:36","date_gmt":"2020-08-11T19:03:36","guid":{"rendered":"https:\/\/epeq.ict.ufvjm.edu.br\/?page_id=2960"},"modified":"2021-04-14T15:11:37","modified_gmt":"2021-04-14T17:11:37","slug":"%e2%80%8bexcel-para-engenharia-quimica","status":"publish","type":"page","link":"https:\/\/epeq.ict.ufvjm.edu.br\/?page_id=2960","title":{"rendered":"\u200bExcel para Engenharia Qu\u00edmica"},"content":{"rendered":"\n<div class=\"wp-block-media-text alignwide is-stacked-on-mobile\" style=\"grid-template-columns:41% auto\"><figure class=\"wp-block-media-text__media\"><img loading=\"lazy\" width=\"480\" height=\"432\" src=\"https:\/\/epeq.ict.ufvjm.edu.br\/wp-content\/uploads\/2020\/09\/excel.png\" alt=\"\" class=\"wp-image-3198 size-full\" srcset=\"https:\/\/epeq.ict.ufvjm.edu.br\/wp-content\/uploads\/2020\/09\/excel.png 480w, https:\/\/epeq.ict.ufvjm.edu.br\/wp-content\/uploads\/2020\/09\/excel-300x270.png 300w\" sizes=\"(max-width: 480px) 100vw, 480px\" \/><\/figure><div class=\"wp-block-media-text__content\">\n<p class=\"texto-justificado has-medium-font-size\">Editor de planilhas do pacote Office, o Excel \u00e9 um facilitador de vidas. Com enorme variedade de recursos, fun\u00e7\u00f5es e f\u00f3rmulas, esse software \u00e9 uma ferramenta t\u00e3o vers\u00e1til que fica dif\u00edcil atribuir a ele apenas uma finalidade.<\/p>\n<\/div><\/div>\n\n\n\n<p><\/p>\n\n\n\n<div class=\"wp-block-buttons is-content-justification-right\">\n<div class=\"wp-block-button is-style-outline\"><a class=\"wp-block-button__link has-vivid-green-cyan-color has-very-light-gray-background-color has-text-color has-background\">Apostila<\/a><\/div>\n<\/div>\n","protected":false},"excerpt":{"rendered":"<p>Editor de planilhas do pacote Office, o Excel \u00e9 um facilitador de vidas. Com enorme variedade de recursos, fun\u00e7\u00f5es e f\u00f3rmulas, esse software \u00e9 uma ferramenta t\u00e3o vers\u00e1til que fica dif\u00edcil atribuir a ele apenas uma finalidade.<\/p>\n","protected":false},"author":8,"featured_media":0,"parent":172,"menu_order":0,"comment_status":"closed","ping_status":"closed","template":"","meta":[],"_links":{"self":[{"href":"https:\/\/epeq.ict.ufvjm.edu.br\/index.php?rest_route=\/wp\/v2\/pages\/2960"}],"collection":[{"href":"https:\/\/epeq.ict.ufvjm.edu.br\/index.php?rest_route=\/wp\/v2\/pages"}],"about":[{"href":"https:\/\/epeq.ict.ufvjm.edu.br\/index.php?rest_route=\/wp\/v2\/types\/page"}],"author":[{"embeddable":true,"href":"https:\/\/epeq.ict.ufvjm.edu.br\/index.php?rest_route=\/wp\/v2\/users\/8"}],"replies":[{"embeddable":true,"href":"https:\/\/epeq.ict.ufvjm.edu.br\/index.php?rest_route=%2Fwp%2Fv2%2Fcomments&post=2960"}],"version-history":[{"count":8,"href":"https:\/\/epeq.ict.ufvjm.edu.br\/index.php?rest_route=\/wp\/v2\/pages\/2960\/revisions"}],"predecessor-version":[{"id":3367,"href":"https:\/\/epeq.ict.ufvjm.edu.br\/index.php?rest_route=\/wp\/v2\/pages\/2960\/revisions\/3367"}],"up":[{"embeddable":true,"href":"https:\/\/epeq.ict.ufvjm.edu.br\/index.php?rest_route=\/wp\/v2\/pages\/172"}],"wp:attachment":[{"href":"https:\/\/epeq.ict.ufvjm.edu.br\/index.php?rest_route=%2Fwp%2Fv2%2Fmedia&parent=2960"}],"curies":[{"name":"wp","href":"https:\/\/api.w.org\/{rel}","templated":true}]}}