{"id":2966,"date":"2020-08-11T17:06:18","date_gmt":"2020-08-11T19:06:18","guid":{"rendered":"https:\/\/epeq.ict.ufvjm.edu.br\/?page_id=2966"},"modified":"2020-09-07T17:24:56","modified_gmt":"2020-09-07T19:24:56","slug":"%e2%80%8bsoftware-r-para-engenharia-quimica","status":"publish","type":"page","link":"https:\/\/epeq.ict.ufvjm.edu.br\/?page_id=2966","title":{"rendered":"\u200bSoftware R para Engenharia Qu\u00edmica"},"content":{"rendered":"\n<div class=\"wp-block-media-text alignwide is-stacked-on-mobile\" style=\"grid-template-columns:46% auto\"><figure class=\"wp-block-media-text__media\"><img loading=\"lazy\" width=\"640\" height=\"400\" src=\"https:\/\/epeq.ict.ufvjm.edu.br\/wp-content\/uploads\/2020\/08\/cursoR.png\" alt=\"\" class=\"wp-image-3027\" srcset=\"https:\/\/epeq.ict.ufvjm.edu.br\/wp-content\/uploads\/2020\/08\/cursoR.png 640w, https:\/\/epeq.ict.ufvjm.edu.br\/wp-content\/uploads\/2020\/08\/cursoR-300x188.png 300w\" sizes=\"(max-width: 640px) 100vw, 640px\" \/><\/figure><div class=\"wp-block-media-text__content\">\n<p class=\"has-medium-font-size\">O R \u00e9 uma ferramenta livre e gratuita que vem sendo utilizada nas mais diversas \u00e1reas do mercado de trabalho. As aplica\u00e7\u00f5es dessa ferramenta v\u00e3o desde o tratamento de dados estat\u00edsticos at\u00e9 a utiliza\u00e7\u00e3o para uma apresenta\u00e7\u00e3o mais clara e eficaz de relat\u00f3rios em forma de gr\u00e1ficos.<\/p>\n<\/div><\/div>\n","protected":false},"excerpt":{"rendered":"<p>O R \u00e9 uma ferramenta livre e gratuita que vem sendo utilizada nas mais diversas \u00e1reas do mercado de trabalho. As aplica\u00e7\u00f5es dessa ferramenta v\u00e3o desde o tratamento de dados estat\u00edsticos at\u00e9 a utiliza\u00e7\u00e3o para uma apresenta\u00e7\u00e3o mais clara e eficaz de relat\u00f3rios em forma de gr\u00e1ficos.<\/p>\n","protected":false},"author":8,"featured_media":0,"parent":172,"menu_order":0,"comment_status":"closed","ping_status":"closed","template":"","meta":[],"_links":{"self":[{"href":"https:\/\/epeq.ict.ufvjm.edu.br\/index.php?rest_route=\/wp\/v2\/pages\/2966"}],"collection":[{"href":"https:\/\/epeq.ict.ufvjm.edu.br\/index.php?rest_route=\/wp\/v2\/pages"}],"about":[{"href":"https:\/\/epeq.ict.ufvjm.edu.br\/index.php?rest_route=\/wp\/v2\/types\/page"}],"author":[{"embeddable":true,"href":"https:\/\/epeq.ict.ufvjm.edu.br\/index.php?rest_route=\/wp\/v2\/users\/8"}],"replies":[{"embeddable":true,"href":"https:\/\/epeq.ict.ufvjm.edu.br\/index.php?rest_route=%2Fwp%2Fv2%2Fcomments&post=2966"}],"version-history":[{"count":4,"href":"https:\/\/epeq.ict.ufvjm.edu.br\/index.php?rest_route=\/wp\/v2\/pages\/2966\/revisions"}],"predecessor-version":[{"id":3201,"href":"https:\/\/epeq.ict.ufvjm.edu.br\/index.php?rest_route=\/wp\/v2\/pages\/2966\/revisions\/3201"}],"up":[{"embeddable":true,"href":"https:\/\/epeq.ict.ufvjm.edu.br\/index.php?rest_route=\/wp\/v2\/pages\/172"}],"wp:attachment":[{"href":"https:\/\/epeq.ict.ufvjm.edu.br\/index.php?rest_route=%2Fwp%2Fv2%2Fmedia&parent=2966"}],"curies":[{"name":"wp","href":"https:\/\/api.w.org\/{rel}","templated":true}]}}