{"id":2968,"date":"2020-08-11T17:07:01","date_gmt":"2020-08-11T19:07:01","guid":{"rendered":"https:\/\/epeq.ict.ufvjm.edu.br\/?page_id=2968"},"modified":"2021-04-14T15:12:05","modified_gmt":"2021-04-14T17:12:05","slug":"%e2%80%8bconstrucao-de-textos-academicos-e-oralidades","status":"publish","type":"page","link":"https:\/\/epeq.ict.ufvjm.edu.br\/?page_id=2968","title":{"rendered":"\u200bConstru\u00e7\u00e3o de Textos Acad\u00eamicos e Oralidades"},"content":{"rendered":"\n<div class=\"wp-block-group\"><div class=\"wp-block-group__inner-container\">\n<div class=\"wp-block-group\"><div class=\"wp-block-group__inner-container\"><\/div><\/div>\n<\/div><\/div>\n\n\n\n<div class=\"wp-block-group\"><div class=\"wp-block-group__inner-container\"><\/div><\/div>\n\n\n\n<div class=\"wp-block-media-text alignwide is-stacked-on-mobile\" style=\"grid-template-columns:42% auto\"><figure class=\"wp-block-media-text__media\"><img loading=\"lazy\" width=\"442\" height=\"421\" src=\"https:\/\/epeq.ict.ufvjm.edu.br\/wp-content\/uploads\/2020\/09\/oralidadecurso.png\" alt=\"\" class=\"wp-image-3192 size-full\" srcset=\"https:\/\/epeq.ict.ufvjm.edu.br\/wp-content\/uploads\/2020\/09\/oralidadecurso.png 442w, https:\/\/epeq.ict.ufvjm.edu.br\/wp-content\/uploads\/2020\/09\/oralidadecurso-300x286.png 300w\" sizes=\"(max-width: 442px) 100vw, 442px\" \/><\/figure><div class=\"wp-block-media-text__content\">\n<p class=\"has-medium-font-size\">O curso aborda como redigir e estruturar os principais tipos de textos acad\u00eamicos exigidos durante a gradua\u00e7\u00e3o (como artigos e relat\u00f3rios), al\u00e9m de trabalhar com as normas de oralidade relacionadas \u00e0 postura e modo de falar, principalmente em apresenta\u00e7\u00f5es.<\/p>\n<\/div><\/div>\n","protected":false},"excerpt":{"rendered":"<p>O curso aborda como redigir e estruturar os principais tipos de textos acad\u00eamicos exigidos durante a gradua\u00e7\u00e3o (como artigos e relat\u00f3rios), al\u00e9m de trabalhar com as normas de oralidade relacionadas \u00e0 postura e modo de falar, principalmente em apresenta\u00e7\u00f5es.<\/p>\n","protected":false},"author":8,"featured_media":0,"parent":172,"menu_order":0,"comment_status":"closed","ping_status":"closed","template":"","meta":[],"_links":{"self":[{"href":"https:\/\/epeq.ict.ufvjm.edu.br\/index.php?rest_route=\/wp\/v2\/pages\/2968"}],"collection":[{"href":"https:\/\/epeq.ict.ufvjm.edu.br\/index.php?rest_route=\/wp\/v2\/pages"}],"about":[{"href":"https:\/\/epeq.ict.ufvjm.edu.br\/index.php?rest_route=\/wp\/v2\/types\/page"}],"author":[{"embeddable":true,"href":"https:\/\/epeq.ict.ufvjm.edu.br\/index.php?rest_route=\/wp\/v2\/users\/8"}],"replies":[{"embeddable":true,"href":"https:\/\/epeq.ict.ufvjm.edu.br\/index.php?rest_route=%2Fwp%2Fv2%2Fcomments&post=2968"}],"version-history":[{"count":6,"href":"https:\/\/epeq.ict.ufvjm.edu.br\/index.php?rest_route=\/wp\/v2\/pages\/2968\/revisions"}],"predecessor-version":[{"id":3368,"href":"https:\/\/epeq.ict.ufvjm.edu.br\/index.php?rest_route=\/wp\/v2\/pages\/2968\/revisions\/3368"}],"up":[{"embeddable":true,"href":"https:\/\/epeq.ict.ufvjm.edu.br\/index.php?rest_route=\/wp\/v2\/pages\/172"}],"wp:attachment":[{"href":"https:\/\/epeq.ict.ufvjm.edu.br\/index.php?rest_route=%2Fwp%2Fv2%2Fmedia&parent=2968"}],"curies":[{"name":"wp","href":"https:\/\/api.w.org\/{rel}","templated":true}]}}