{"id":320,"date":"2019-07-31T18:02:20","date_gmt":"2019-07-31T20:02:20","guid":{"rendered":"http:\/\/www4.ict.ufvjm.edu.br\/?page_id=320"},"modified":"2021-04-14T15:14:00","modified_gmt":"2021-04-14T17:14:00","slug":"historico","status":"publish","type":"page","link":"https:\/\/epeq.ict.ufvjm.edu.br\/?page_id=320","title":{"rendered":"Um Breve Hist\u00f3rico"},"content":{"rendered":"\n<div class=\"wp-block-image\"><figure class=\"alignright size-large\"><img loading=\"lazy\" width=\"225\" height=\"225\" src=\"https:\/\/epeq.ict.ufvjm.edu.br\/wp-content\/uploads\/2020\/08\/EPEQSEMFUNDO.png\" alt=\"\" class=\"wp-image-3114\" srcset=\"https:\/\/epeq.ict.ufvjm.edu.br\/wp-content\/uploads\/2020\/08\/EPEQSEMFUNDO.png 225w, https:\/\/epeq.ict.ufvjm.edu.br\/wp-content\/uploads\/2020\/08\/EPEQSEMFUNDO-150x150.png 150w\" sizes=\"(max-width: 225px) 100vw, 225px\" \/><\/figure><\/div>\n\n\n\n<p class=\"texto-justificado\">A Escola Piloto de Engenharia Qu\u00edmica da UFVJM (EPEQ\/UFVJM) foi criada em outubro de 2017, por iniciativa dos docentes Anamaria de Oliveira Cardoso, D\u00e9bora Vilela Franco, Jo\u00e3o Vin\u00edcios Wirbitzki da Silveira, Lucas Franco Ferreira e Sandra Matias Damasceno e os discentes Deyvison Carlos de Oliveira, Lucas Dias Silva e Nath\u00e1lia Dias Silva do curso de gradua\u00e7\u00e3o em Engenharia Qu\u00edmica da Universidade Federal dos Vales do Jequitinhonha e Mucuri, com o intuito de proporcionar aos discentes do curso uma identidade e identifica\u00e7\u00e3o com um grupo de alunos que buscasse fortalecer e enriquecer a forma\u00e7\u00e3o complementar para os discentes de Engenharia Qu\u00edmica.&nbsp;<\/p>\n\n\n\n<p class=\"texto-justificado\">As atividades se iniciaram no mesmo per\u00edodo, com a sele\u00e7\u00e3o de cerca de 15(quinze) discentes, formando a primeira turma da EPEQ, que foi apresentada \u00e0 comunidade acad\u00eamica formalmente em abril de 2018, em um evento que contou com a participa\u00e7\u00e3o de docentes, discentes e&nbsp; t\u00e9cnicos al\u00e9m de convidados externos \u00e0 UFVJM.&nbsp;<\/p>\n\n\n\n<p class=\"texto-justificado\">Desde ent\u00e3o, a EPEQ j\u00e1 ofertou cerca de 10 (dez) cursos de forma\u00e7\u00e3o complementar nas mais diversas \u00e1reas, como Excel para Engenharia Qu\u00edmica e Gerenciamento de Projetos utilizando o <em>MS Projetc<\/em>, com o intuito de possibilitar aos discentes do curso de Engenharia Qu\u00edmica e do ICT, uma possibilidade de desenvolver novas habilidades e auxili\u00e1-los no ingresso no mercado de trabalho.<\/p>\n\n\n\n<p class=\"justify\"><\/p>\n\n\n\n<p><\/p>\n","protected":false},"excerpt":{"rendered":"<p>A Escola Piloto de Engenharia Qu\u00edmica da UFVJM (EPEQ\/UFVJM) foi criada em outubro de 2017, por iniciativa dos docentes Anamaria de Oliveira Cardoso, D\u00e9bora Vilela Franco, Jo\u00e3o Vin\u00edcios Wirbitzki da Silveira, Lucas Franco Ferreira e Sandra Matias Damasceno e os discentes Deyvison Carlos de Oliveira, Lucas Dias Silva e Nath\u00e1lia Dias Silva do curso de [&hellip;]<\/p>\n","protected":false},"author":1,"featured_media":0,"parent":318,"menu_order":0,"comment_status":"closed","ping_status":"closed","template":"","meta":[],"_links":{"self":[{"href":"https:\/\/epeq.ict.ufvjm.edu.br\/index.php?rest_route=\/wp\/v2\/pages\/320"}],"collection":[{"href":"https:\/\/epeq.ict.ufvjm.edu.br\/index.php?rest_route=\/wp\/v2\/pages"}],"about":[{"href":"https:\/\/epeq.ict.ufvjm.edu.br\/index.php?rest_route=\/wp\/v2\/types\/page"}],"author":[{"embeddable":true,"href":"https:\/\/epeq.ict.ufvjm.edu.br\/index.php?rest_route=\/wp\/v2\/users\/1"}],"replies":[{"embeddable":true,"href":"https:\/\/epeq.ict.ufvjm.edu.br\/index.php?rest_route=%2Fwp%2Fv2%2Fcomments&post=320"}],"version-history":[{"count":31,"href":"https:\/\/epeq.ict.ufvjm.edu.br\/index.php?rest_route=\/wp\/v2\/pages\/320\/revisions"}],"predecessor-version":[{"id":3279,"href":"https:\/\/epeq.ict.ufvjm.edu.br\/index.php?rest_route=\/wp\/v2\/pages\/320\/revisions\/3279"}],"up":[{"embeddable":true,"href":"https:\/\/epeq.ict.ufvjm.edu.br\/index.php?rest_route=\/wp\/v2\/pages\/318"}],"wp:attachment":[{"href":"https:\/\/epeq.ict.ufvjm.edu.br\/index.php?rest_route=%2Fwp%2Fv2%2Fmedia&parent=320"}],"curies":[{"name":"wp","href":"https:\/\/api.w.org\/{rel}","templated":true}]}}