{"id":467,"date":"2019-07-31T23:06:54","date_gmt":"2019-08-01T01:06:54","guid":{"rendered":"http:\/\/www4.ict.ufvjm.edu.br\/?page_id=467"},"modified":"2021-04-14T15:16:11","modified_gmt":"2021-04-14T17:16:11","slug":"contato","status":"publish","type":"page","link":"https:\/\/epeq.ict.ufvjm.edu.br\/?page_id=467","title":{"rendered":"Contato"},"content":{"rendered":"\n<p class=\"has-medium-font-size\">A EPEQ est\u00e1 sempre de portas abertas. Entre em contato se tiver d\u00favidas sobre curr\u00edculo acad\u00eamico, eventos, alunos, equipe ou outros assuntos.<\/p>\n\n\n<a href=\"https:\/\/epeq.ict.ufvjm.edu.br\/wp-content\/uploads\/2021\/01\/Contato-EPEQ.pdf\" class=\"pdfemb-viewer\" style=\"\" data-width=\"max\" data-height=\"max\"  data-toolbar=\"bottom\" data-toolbar-fixed=\"off\">Contato-EPEQ<br\/><\/a>\n<p class=\"wp-block-pdfemb-pdf-embedder-viewer\"><\/p>\n\n\n\n<div class=\"wp-block-group\"><div class=\"wp-block-group__inner-container\"><\/div><\/div>\n\n\n\n<p><\/p>\n\n\n\n<p><\/p>\n\n\n\n<iframe loading=\"lazy\" src=\"https:\/\/www.google.com\/maps\/embed?pb=!1m18!1m12!1m3!1d972842.6004125811!2d-43.6100154520567!3d-17.736796633391076!2m3!1f0!2f0!3f0!3m2!1i1024!2i768!4f13.1!3m3!1m2!1s0xaeb8550409243d%3A0x8ed87b6d6de8811f!2sUniversidade%20Federal%20dos%20Vales%20do%20Jequitinhonha%20e%20Mucuri%20-%20UFVJM!5e0!3m2!1spt-BR!2sbr!4v1597699589097!5m2!1spt-BR!2sbr\" width=\"600\" height=\"450\" frameborder=\"0\" style=\"border:0;\" allowfullscreen=\"\" aria-hidden=\"false\" tabindex=\"0\"><\/iframe>\n","protected":false},"excerpt":{"rendered":"<p>A EPEQ est\u00e1 sempre de portas abertas. Entre em contato se tiver d\u00favidas sobre curr\u00edculo acad\u00eamico, eventos, alunos, equipe ou outros assuntos.<\/p>\n","protected":false},"author":2,"featured_media":0,"parent":318,"menu_order":0,"comment_status":"closed","ping_status":"closed","template":"","meta":[],"_links":{"self":[{"href":"https:\/\/epeq.ict.ufvjm.edu.br\/index.php?rest_route=\/wp\/v2\/pages\/467"}],"collection":[{"href":"https:\/\/epeq.ict.ufvjm.edu.br\/index.php?rest_route=\/wp\/v2\/pages"}],"about":[{"href":"https:\/\/epeq.ict.ufvjm.edu.br\/index.php?rest_route=\/wp\/v2\/types\/page"}],"author":[{"embeddable":true,"href":"https:\/\/epeq.ict.ufvjm.edu.br\/index.php?rest_route=\/wp\/v2\/users\/2"}],"replies":[{"embeddable":true,"href":"https:\/\/epeq.ict.ufvjm.edu.br\/index.php?rest_route=%2Fwp%2Fv2%2Fcomments&post=467"}],"version-history":[{"count":22,"href":"https:\/\/epeq.ict.ufvjm.edu.br\/index.php?rest_route=\/wp\/v2\/pages\/467\/revisions"}],"predecessor-version":[{"id":3277,"href":"https:\/\/epeq.ict.ufvjm.edu.br\/index.php?rest_route=\/wp\/v2\/pages\/467\/revisions\/3277"}],"up":[{"embeddable":true,"href":"https:\/\/epeq.ict.ufvjm.edu.br\/index.php?rest_route=\/wp\/v2\/pages\/318"}],"wp:attachment":[{"href":"https:\/\/epeq.ict.ufvjm.edu.br\/index.php?rest_route=%2Fwp%2Fv2%2Fmedia&parent=467"}],"curies":[{"name":"wp","href":"https:\/\/api.w.org\/{rel}","templated":true}]}}